{"id":47,"date":"2022-09-02T20:09:22","date_gmt":"2022-09-02T23:09:22","guid":{"rendered":"https:\/\/ayuda1gato.com\/?page_id=47"},"modified":"2022-12-24T18:46:41","modified_gmt":"2022-12-24T21:46:41","slug":"rescates","status":"publish","type":"page","link":"https:\/\/ayuda1gato.com\/index.php\/rescates\/","title":{"rendered":"Rescates"},"content":{"rendered":"\t\t<div data-elementor-type=\"wp-page\" data-elementor-id=\"47\" class=\"elementor elementor-47\">\n\t\t\t\t\t\t<section class=\"elementor-section elementor-top-section elementor-element elementor-element-61b1ee8 elementor-section-boxed elementor-section-height-default elementor-section-height-default\" data-id=\"61b1ee8\" data-element_type=\"section\">\n\t\t\t\t\t\t<div class=\"elementor-container elementor-column-gap-default\">\n\t\t\t\t\t<div class=\"elementor-column elementor-col-100 elementor-top-column elementor-element elementor-element-896ec38\" data-id=\"896ec38\" data-element_type=\"column\">\n\t\t\t<div class=\"elementor-widget-wrap elementor-element-populated\">\n\t\t\t\t\t\t<div class=\"elementor-element elementor-element-857c9c5 elementor-widget elementor-widget-testimonial\" data-id=\"857c9c5\" data-element_type=\"widget\" data-widget_type=\"testimonial.default\">\n\t\t\t\t<div class=\"elementor-widget-container\">\n\t\t\t\t\t\t\t<div class=\"elementor-testimonial-wrapper\">\n\t\t\t\t\t\t\t<div class=\"elementor-testimonial-content\">Para rescates de gatos que necesiten ayuda veterinaria inmediata comun\u00edcate al <b>342 408 5404<\/b>.<br \/>\nEn el caso de maltrato o colonias, necesitamos que realices la denuncia llamando al <b>0800 777 5000<\/b>.<br \/>\nPara recibir un animal en mal estado se har\u00e1 firmar Acta de entrega voluntaria, a partir de ah\u00ed perder\u00e1 todo tipo de derecho a decisiones que tenga que ver con la vida del animal, atenci\u00f3n veterinaria, recuperaci\u00f3n, tratamiento, alimentaci\u00f3n y adopci\u00f3n estar\u00e1 bajo responsabilidad de la Asociaci\u00f3n.<br \/>\nEn lo que va del a\u00f1o llevamos m\u00e1s de 500 rescates, con 9 colonias controladas, m\u00e1s de 400 adopciones y con un numero de transito que todos los meses supera los 100 gatos.<\/div>\n\t\t\t\n\t\t\t\t\t<\/div>\n\t\t\t\t\t\t<\/div>\n\t\t\t\t<\/div>\n\t\t\t\t<div class=\"elementor-element elementor-element-fb2c88d elementor-widget elementor-widget-read-more\" data-id=\"fb2c88d\" data-element_type=\"widget\" data-widget_type=\"read-more.default\">\n\t\t\t\t<div class=\"elementor-widget-container\">\n\t\t\t\t\t<\/div><\/div><\/div><\/div><\/div><\/section><\/div><a href=\"https:\/\/ayuda1gato.com\/index.php\/rescates\/\" rel=\"bookmark\">Read More &raquo;<span class=\"screen-reader-text\">Rescates<\/span><\/a>","protected":false},"excerpt":{"rendered":"<p>Para rescates de gatos que necesiten ayuda veterinaria inmediata comun\u00edcate al 342 408 5404. En el caso de maltrato o colonias, necesitamos que realices la denuncia llamando al 0800 777 5000. Para recibir un animal en mal estado se har\u00e1 firmar Acta de entrega voluntaria, a partir de ah\u00ed perder\u00e1 todo tipo de derecho a&hellip;&nbsp;<a href=\"https:\/\/ayuda1gato.com\/index.php\/rescates\/\" rel=\"bookmark\">Read More &raquo;<span class=\"screen-reader-text\">Rescates<\/span><\/a><\/p>\n","protected":false},"author":1,"featured_media":0,"parent":0,"menu_order":0,"comment_status":"closed","ping_status":"closed","template":"page-templates\/template-pagebuilder-full-width.php","meta":{"_monsterinsights_skip_tracking":false,"_monsterinsights_sitenote_active":false,"_monsterinsights_sitenote_note":"","_monsterinsights_sitenote_category":0,"neve_meta_sidebar":"","neve_meta_container":"","neve_meta_enable_content_width":"","neve_meta_content_width":0,"neve_meta_title_alignment":"","neve_meta_author_avatar":"","neve_post_elements_order":"","neve_meta_disable_header":"","neve_meta_disable_footer":"","neve_meta_disable_title":"","footnotes":""},"class_list":["post-47","page","type-page","status-publish","hentry"],"aioseo_notices":[],"_links":{"self":[{"href":"https:\/\/ayuda1gato.com\/index.php\/wp-json\/wp\/v2\/pages\/47","targetHints":{"allow":["GET"]}}],"collection":[{"href":"https:\/\/ayuda1gato.com\/index.php\/wp-json\/wp\/v2\/pages"}],"about":[{"href":"https:\/\/ayuda1gato.com\/index.php\/wp-json\/wp\/v2\/types\/page"}],"author":[{"embeddable":true,"href":"https:\/\/ayuda1gato.com\/index.php\/wp-json\/wp\/v2\/users\/1"}],"replies":[{"embeddable":true,"href":"https:\/\/ayuda1gato.com\/index.php\/wp-json\/wp\/v2\/comments?post=47"}],"version-history":[{"count":11,"href":"https:\/\/ayuda1gato.com\/index.php\/wp-json\/wp\/v2\/pages\/47\/revisions"}],"predecessor-version":[{"id":338,"href":"https:\/\/ayuda1gato.com\/index.php\/wp-json\/wp\/v2\/pages\/47\/revisions\/338"}],"wp:attachment":[{"href":"https:\/\/ayuda1gato.com\/index.php\/wp-json\/wp\/v2\/media?parent=47"}],"curies":[{"name":"wp","href":"https:\/\/api.w.org\/{rel}","templated":true}]}}